{"id":8,"date":"2024-02-27T18:51:08","date_gmt":"2024-02-27T17:51:08","guid":{"rendered":"https:\/\/www.gyata.com\/blog\/?page_id=8"},"modified":"2024-07-01T13:42:58","modified_gmt":"2024-07-01T11:42:58","slug":"home","status":"publish","type":"page","link":"https:\/\/www.gyata.com\/blog\/","title":{"rendered":"Home"},"content":{"rendered":"<div class=\"gb-container gb-container-53ff3c59\">\n<div class=\"gb-container gb-container-a0da423f\">\n\n<h1 class=\"gb-headline gb-headline-ebad4560 gb-headline-text\">BLOG SOBRE<br>COCHES DE OCASI\u00d3N<\/h1>\n\n<\/div>\n<\/div>\n\n<div class=\"gb-container gb-container-549d6353\">\n<div class=\"gb-container gb-container-280d62a7\">\n\n<div class=\"gb-grid-wrapper gb-grid-wrapper-d0f7b334 gb-query-loop-wrapper\">\n<div class=\"gb-grid-column gb-grid-column-7facfadc gb-query-loop-item post-2232 post type-post status-publish format-standard has-post-thumbnail hentry category-gyata\"><div class=\"gb-container gb-container-7facfadc\">\n<div class=\"gb-container gb-container-bc4173aa\" style=\"--background-image: url(https:\/\/www.gyata.com\/blog\/wp-content\/uploads\/2026\/04\/pareja.webp);\">\n<div class=\"gb-container gb-container-010f0a75\">\n<div class=\"gb-grid-wrapper gb-grid-wrapper-8bfce4a2\">\n<div class=\"gb-grid-column gb-grid-column-e4cb5357\"><div class=\"gb-container gb-container-e4cb5357\">\n<div class=\"gb-headline gb-headline-733517f6\"><span class=\"gb-icon\"><svg viewbox=\"0 0 16 16\" class=\"bi bi-bookmarks\" fill=\"currentColor\" height=\"16\" width=\"16\" xmlns=\"http:\/\/www.w3.org\/2000\/svg\">   <path d=\"M2 4a2 2 0 0 1 2-2h6a2 2 0 0 1 2 2v11.5a.5.5 0 0 1-.777.416L7 13.101l-4.223 2.815A.5.5 0 0 1 2 15.5V4zm2-1a1 1 0 0 0-1 1v10.566l3.723-2.482a.5.5 0 0 1 .554 0L11 14.566V4a1 1 0 0 0-1-1H4z\"><\/path>   <path d=\"M4.268 1H12a1 1 0 0 1 1 1v11.768l.223.148A.5.5 0 0 0 14 13.5V2a2 2 0 0 0-2-2H6a2 2 0 0 0-1.732 1z\"><\/path> <\/svg><\/span><span class=\"gb-headline-text\"><span class=\"post-term-item term-gyata\">Gyata<\/span><\/span><\/div>\n\n<h2 class=\"gb-headline gb-headline-8c886a95 gb-headline-text\"><a href=\"https:\/\/www.gyata.com\/blog\/comprar-coche-declaracion-renta\/\">\u00bfDebes declarar la compra de un coche en la Renta?<\/a><\/h2>\n\n<div class=\"gb-headline gb-headline-c8d36d41\"><span class=\"gb-icon\"><svg viewbox=\"0 0 16 16\" class=\"bi bi-calendar4\" fill=\"currentColor\" height=\"16\" width=\"16\" xmlns=\"http:\/\/www.w3.org\/2000\/svg\">   <path d=\"M3.5 0a.5.5 0 0 1 .5.5V1h8V.5a.5.5 0 0 1 1 0V1h1a2 2 0 0 1 2 2v11a2 2 0 0 1-2 2H2a2 2 0 0 1-2-2V3a2 2 0 0 1 2-2h1V.5a.5.5 0 0 1 .5-.5zM2 2a1 1 0 0 0-1 1v1h14V3a1 1 0 0 0-1-1H2zm13 3H1v9a1 1 0 0 0 1 1h12a1 1 0 0 0 1-1V5z\"><\/path> <\/svg><\/span><span class=\"gb-headline-text\"><time class=\"entry-date published\" datetime=\"2026-04-27T12:46:07+02:00\">27 de abril de 2026<\/time><\/span><\/div>\n<\/div><\/div>\n<\/div>\n<\/div>\n<\/div>\n<\/div><\/div>\n<\/div>\n\n<\/div>\n<\/div>\n\n<div class=\"gb-container gb-container-c3499bd0\">\n<div class=\"gb-container gb-container-7998d945\">\n\n<div class=\"gb-grid-wrapper gb-grid-wrapper-d422ad07 gb-query-loop-wrapper\">\n<div class=\"gb-grid-column gb-grid-column-a66ca7b8 gb-query-loop-item post-2214 post type-post status-publish format-standard has-post-thumbnail hentry category-gyata\"><div class=\"gb-container gb-container-a66ca7b8\">\n<div class=\"gb-container gb-container-4c3cda3a\">\n<div class=\"gb-container gb-container-b52e278b\">\n<a class=\"gb-button gb-button-d0b6a12a gb-button-text post-term-item post-term-gyata\" href=\"https:\/\/www.gyata.com\/blog\/category\/gyata\/\">Gyata<\/a>\n<\/div>\n<\/div>\n\n<figure class=\"gb-block-image gb-block-image-b5d1d9d8\"><a href=\"https:\/\/www.gyata.com\/blog\/mejores-furgoneta-trabajo-km0\/\"><img loading=\"lazy\" decoding=\"async\" width=\"680\" height=\"382\" src=\"https:\/\/www.gyata.com\/blog\/wp-content\/uploads\/2026\/04\/furgoneta-herramientas.webp\" class=\"gb-image-b5d1d9d8\" alt=\"Furgoneta llena de herramientas\" srcset=\"https:\/\/www.gyata.com\/blog\/wp-content\/uploads\/2026\/04\/furgoneta-herramientas.webp 680w, https:\/\/www.gyata.com\/blog\/wp-content\/uploads\/2026\/04\/furgoneta-herramientas-300x169.webp 300w\" sizes=\"auto, (max-width: 680px) 100vw, 680px\" \/><\/a><\/figure>\n\n<div class=\"gb-container gb-container-fc1bccb8\">\n\n<\/div>\n\n<div class=\"gb-container gb-container-52fab1e7\">\n<h2 class=\"gb-headline gb-headline-6862e514 gb-headline-text\"><a href=\"https:\/\/www.gyata.com\/blog\/mejores-furgoneta-trabajo-km0\/\">\u00bfCu\u00e1les son las mejores furgonetas de km 0 seg\u00fan tu negocio?<\/a><\/h2>\n\n<div class=\"gb-headline gb-headline-fccf7ffc gb-headline-text\"><time class=\"entry-date published\" datetime=\"2026-04-22T07:00:00+02:00\">22 de abril de 2026<\/time><\/div>\n\n<p class=\"gb-headline gb-headline-028a8e76 gb-headline-text\">Elegir una furgoneta km 0 es una decisi\u00f3n clave si tu negocio depende de un &#8230;<\/p>\n<\/div>\n<\/div><\/div>\n\n<div class=\"gb-grid-column gb-grid-column-a66ca7b8 gb-query-loop-item post-2192 post type-post status-publish format-standard has-post-thumbnail hentry category-gyata\"><div class=\"gb-container gb-container-a66ca7b8\">\n<div class=\"gb-container gb-container-4c3cda3a\">\n<div class=\"gb-container gb-container-b52e278b\">\n<a class=\"gb-button gb-button-d0b6a12a gb-button-text post-term-item post-term-gyata\" href=\"https:\/\/www.gyata.com\/blog\/category\/gyata\/\">Gyata<\/a>\n<\/div>\n<\/div>\n\n<figure class=\"gb-block-image gb-block-image-b5d1d9d8\"><a href=\"https:\/\/www.gyata.com\/blog\/coches-seminuevos-200-euros-mes\/\"><img loading=\"lazy\" decoding=\"async\" width=\"680\" height=\"382\" src=\"https:\/\/www.gyata.com\/blog\/wp-content\/uploads\/2026\/04\/lupa-calculadora-hucha-dinero-grafica.webp\" class=\"gb-image-b5d1d9d8\" alt=\"manos con una lupa, calculadora, hucha, billetes y gr\u00e1fica\" srcset=\"https:\/\/www.gyata.com\/blog\/wp-content\/uploads\/2026\/04\/lupa-calculadora-hucha-dinero-grafica.webp 680w, https:\/\/www.gyata.com\/blog\/wp-content\/uploads\/2026\/04\/lupa-calculadora-hucha-dinero-grafica-300x169.webp 300w\" sizes=\"auto, (max-width: 680px) 100vw, 680px\" \/><\/a><\/figure>\n\n<div class=\"gb-container gb-container-fc1bccb8\">\n\n<\/div>\n\n<div class=\"gb-container gb-container-52fab1e7\">\n<h2 class=\"gb-headline gb-headline-6862e514 gb-headline-text\"><a href=\"https:\/\/www.gyata.com\/blog\/coches-seminuevos-200-euros-mes\/\">C\u00f3mo comprar un coche sin entrada y pagar solo 200\u20ac al mes: todo lo que debes saber<\/a><\/h2>\n\n<div class=\"gb-headline gb-headline-fccf7ffc gb-headline-text\"><time class=\"entry-date published\" datetime=\"2026-04-15T08:37:09+02:00\">15 de abril de 2026<\/time><\/div>\n\n<p class=\"gb-headline gb-headline-028a8e76 gb-headline-text\">Si est\u00e1s buscando coches km 0 por menos de 200\u20ac al mes, seguramente te haces &#8230;<\/p>\n<\/div>\n<\/div><\/div>\n\n<div class=\"gb-grid-column gb-grid-column-a66ca7b8 gb-query-loop-item post-2173 post type-post status-publish format-standard has-post-thumbnail hentry category-gyata\"><div class=\"gb-container gb-container-a66ca7b8\">\n<div class=\"gb-container gb-container-4c3cda3a\">\n<div class=\"gb-container gb-container-b52e278b\">\n<a class=\"gb-button gb-button-d0b6a12a gb-button-text post-term-item post-term-gyata\" href=\"https:\/\/www.gyata.com\/blog\/category\/gyata\/\">Gyata<\/a>\n<\/div>\n<\/div>\n\n<figure class=\"gb-block-image gb-block-image-b5d1d9d8\"><a href=\"https:\/\/www.gyata.com\/blog\/plan-auto-plus-gyata-coches-electricos\/\"><img loading=\"lazy\" decoding=\"async\" width=\"740\" height=\"493\" src=\"https:\/\/www.gyata.com\/blog\/wp-content\/uploads\/2026\/04\/monedas.webp\" class=\"gb-image-b5d1d9d8\" alt=\"Monedas en una mesa rodeada de unas manos\" srcset=\"https:\/\/www.gyata.com\/blog\/wp-content\/uploads\/2026\/04\/monedas.webp 740w, https:\/\/www.gyata.com\/blog\/wp-content\/uploads\/2026\/04\/monedas-300x200.webp 300w\" sizes=\"auto, (max-width: 740px) 100vw, 740px\" \/><\/a><\/figure>\n\n<div class=\"gb-container gb-container-fc1bccb8\">\n\n<\/div>\n\n<div class=\"gb-container gb-container-52fab1e7\">\n<h2 class=\"gb-headline gb-headline-6862e514 gb-headline-text\"><a href=\"https:\/\/www.gyata.com\/blog\/plan-auto-plus-gyata-coches-electricos\/\">Todo sobre el Plan Auto+: subvenciones para coches el\u00e9ctricos con etiqueta CERO<\/a><\/h2>\n\n<div class=\"gb-headline gb-headline-fccf7ffc gb-headline-text\"><time class=\"entry-date published\" datetime=\"2026-04-08T13:03:31+02:00\">8 de abril de 2026<\/time><\/div>\n\n<p class=\"gb-headline gb-headline-028a8e76 gb-headline-text\">Si est\u00e1s pensando endar el salto a la movilidad el\u00e9ctrica, este es el momento perfecto. &#8230;<\/p>\n<\/div>\n<\/div><\/div>\n\n<div class=\"gb-grid-column gb-grid-column-a66ca7b8 gb-query-loop-item post-2146 post type-post status-publish format-standard has-post-thumbnail hentry category-gyata\"><div class=\"gb-container gb-container-a66ca7b8\">\n<div class=\"gb-container gb-container-4c3cda3a\">\n<div class=\"gb-container gb-container-b52e278b\">\n<a class=\"gb-button gb-button-d0b6a12a gb-button-text post-term-item post-term-gyata\" href=\"https:\/\/www.gyata.com\/blog\/category\/gyata\/\">Gyata<\/a>\n<\/div>\n<\/div>\n\n<figure class=\"gb-block-image gb-block-image-b5d1d9d8\"><a href=\"https:\/\/www.gyata.com\/blog\/barato-suv-electrico-diesel-gasolina\/\"><img loading=\"lazy\" decoding=\"async\" width=\"680\" height=\"382\" src=\"https:\/\/www.gyata.com\/blog\/wp-content\/uploads\/2026\/03\/calculos-para-ver-el-ahorro.webp\" class=\"gb-image-b5d1d9d8\" alt=\"Persona calculando el ahorro\" srcset=\"https:\/\/www.gyata.com\/blog\/wp-content\/uploads\/2026\/03\/calculos-para-ver-el-ahorro.webp 680w, https:\/\/www.gyata.com\/blog\/wp-content\/uploads\/2026\/03\/calculos-para-ver-el-ahorro-300x169.webp 300w\" sizes=\"auto, (max-width: 680px) 100vw, 680px\" \/><\/a><\/figure>\n\n<div class=\"gb-container gb-container-fc1bccb8\">\n\n<\/div>\n\n<div class=\"gb-container gb-container-52fab1e7\">\n<h2 class=\"gb-headline gb-headline-6862e514 gb-headline-text\"><a href=\"https:\/\/www.gyata.com\/blog\/barato-suv-electrico-diesel-gasolina\/\">\u00bfEs m\u00e1s barato mantener un SUV el\u00e9ctrico que uno gasolina o di\u00e9sel?<\/a><\/h2>\n\n<div class=\"gb-headline gb-headline-fccf7ffc gb-headline-text\"><time class=\"entry-date published\" datetime=\"2026-03-25T09:24:08+01:00\">25 de marzo de 2026<\/time><\/div>\n\n<p class=\"gb-headline gb-headline-028a8e76 gb-headline-text\">Mantener un SUV el\u00e9ctrico suele ser m\u00e1s econ\u00f3mico que un SUV gasolina o di\u00e9sel, especialmente &#8230;<\/p>\n<\/div>\n<\/div><\/div>\n\n<div class=\"gb-grid-column gb-grid-column-a66ca7b8 gb-query-loop-item post-2138 post type-post status-publish format-standard has-post-thumbnail hentry category-gyata\"><div class=\"gb-container gb-container-a66ca7b8\">\n<div class=\"gb-container gb-container-4c3cda3a\">\n<div class=\"gb-container gb-container-b52e278b\">\n<a class=\"gb-button gb-button-d0b6a12a gb-button-text post-term-item post-term-gyata\" href=\"https:\/\/www.gyata.com\/blog\/category\/gyata\/\">Gyata<\/a>\n<\/div>\n<\/div>\n\n<figure class=\"gb-block-image gb-block-image-b5d1d9d8\"><a href=\"https:\/\/www.gyata.com\/blog\/suv-electrico-ocasion-mayor-autonomia-mercado\/\"><img loading=\"lazy\" decoding=\"async\" width=\"680\" height=\"382\" src=\"https:\/\/www.gyata.com\/blog\/wp-content\/uploads\/2026\/03\/coche-electrico.webp\" class=\"gb-image-b5d1d9d8\" alt=\"Coche el\u00e9ctrico carg\u00e1ndose\" srcset=\"https:\/\/www.gyata.com\/blog\/wp-content\/uploads\/2026\/03\/coche-electrico.webp 680w, https:\/\/www.gyata.com\/blog\/wp-content\/uploads\/2026\/03\/coche-electrico-300x169.webp 300w\" sizes=\"auto, (max-width: 680px) 100vw, 680px\" \/><\/a><\/figure>\n\n<div class=\"gb-container gb-container-fc1bccb8\">\n\n<\/div>\n\n<div class=\"gb-container gb-container-52fab1e7\">\n<h2 class=\"gb-headline gb-headline-6862e514 gb-headline-text\"><a href=\"https:\/\/www.gyata.com\/blog\/suv-electrico-ocasion-mayor-autonomia-mercado\/\">\u00bfQu\u00e9 SUV el\u00e9ctricos de ocasi\u00f3n tienen mayor autonom\u00eda en el mercado?<\/a><\/h2>\n\n<div class=\"gb-headline gb-headline-fccf7ffc gb-headline-text\"><time class=\"entry-date published\" datetime=\"2026-03-18T08:53:19+01:00\">18 de marzo de 2026<\/time><\/div>\n\n<p class=\"gb-headline gb-headline-028a8e76 gb-headline-text\">Los SUV de ocasi\u00f3n el\u00e9ctricos con mayor autonom\u00eda destacan por superar los 400 o incluso &#8230;<\/p>\n<\/div>\n<\/div><\/div>\n\n<div class=\"gb-grid-column gb-grid-column-a66ca7b8 gb-query-loop-item post-2129 post type-post status-publish format-standard has-post-thumbnail hentry category-gyata\"><div class=\"gb-container gb-container-a66ca7b8\">\n<div class=\"gb-container gb-container-4c3cda3a\">\n<div class=\"gb-container gb-container-b52e278b\">\n<a class=\"gb-button gb-button-d0b6a12a gb-button-text post-term-item post-term-gyata\" href=\"https:\/\/www.gyata.com\/blog\/category\/gyata\/\">Gyata<\/a>\n<\/div>\n<\/div>\n\n<figure class=\"gb-block-image gb-block-image-b5d1d9d8\"><a href=\"https:\/\/www.gyata.com\/blog\/acaban-privilegios-coche-electrico-europa\/\"><img loading=\"lazy\" decoding=\"async\" width=\"680\" height=\"382\" src=\"https:\/\/www.gyata.com\/blog\/wp-content\/uploads\/2026\/03\/Etiqueta-ECO-de-la-DGT.webp\" class=\"gb-image-b5d1d9d8\" alt=\"Etiqueta ECO de la DGT\" srcset=\"https:\/\/www.gyata.com\/blog\/wp-content\/uploads\/2026\/03\/Etiqueta-ECO-de-la-DGT.webp 680w, https:\/\/www.gyata.com\/blog\/wp-content\/uploads\/2026\/03\/Etiqueta-ECO-de-la-DGT-300x169.webp 300w\" sizes=\"auto, (max-width: 680px) 100vw, 680px\" \/><\/a><\/figure>\n\n<div class=\"gb-container gb-container-fc1bccb8\">\n\n<\/div>\n\n<div class=\"gb-container gb-container-52fab1e7\">\n<h2 class=\"gb-headline gb-headline-6862e514 gb-headline-text\"><a href=\"https:\/\/www.gyata.com\/blog\/acaban-privilegios-coche-electrico-europa\/\">\u00bfSe han acabado los privilegios del coche el\u00e9ctrico km 0 con las nuevas etiquetas energ\u00e9ticas europeas?<\/a><\/h2>\n\n<div class=\"gb-headline gb-headline-fccf7ffc gb-headline-text\"><time class=\"entry-date published\" datetime=\"2026-03-11T08:32:28+01:00\">11 de marzo de 2026<\/time><\/div>\n\n<p class=\"gb-headline gb-headline-028a8e76 gb-headline-text\">Las nuevas etiquetas energ\u00e9ticas europeas no eliminan las ventajas del coche el\u00e9ctrico km 0, pero &#8230;<\/p>\n<\/div>\n<\/div><\/div>\n<\/div>\n\n<\/div>\n<\/div>\n\n<div class=\"gb-container gb-container-71cb72d9\">\n<div class=\"gb-container gb-container-bbb2be63\">\n\n<a class=\"gb-button gb-button-8c5306f3 gb-button-text\" href=\"https:\/\/www.gyata.com\/blog\/entradas\/\">Ver entradas anteriores<\/a>\n\n<\/div>\n<\/div>","protected":false},"excerpt":{"rendered":"<p>BLOG SOBRECOCHES DE OCASI\u00d3N<\/p>\n","protected":false},"author":1,"featured_media":0,"parent":0,"menu_order":0,"comment_status":"closed","ping_status":"closed","template":"","meta":{"inline_featured_image":false,"footnotes":""},"class_list":["post-8","page","type-page","status-publish"],"_links":{"self":[{"href":"https:\/\/www.gyata.com\/blog\/wp-json\/wp\/v2\/pages\/8","targetHints":{"allow":["GET"]}}],"collection":[{"href":"https:\/\/www.gyata.com\/blog\/wp-json\/wp\/v2\/pages"}],"about":[{"href":"https:\/\/www.gyata.com\/blog\/wp-json\/wp\/v2\/types\/page"}],"author":[{"embeddable":true,"href":"https:\/\/www.gyata.com\/blog\/wp-json\/wp\/v2\/users\/1"}],"replies":[{"embeddable":true,"href":"https:\/\/www.gyata.com\/blog\/wp-json\/wp\/v2\/comments?post=8"}],"version-history":[{"count":19,"href":"https:\/\/www.gyata.com\/blog\/wp-json\/wp\/v2\/pages\/8\/revisions"}],"predecessor-version":[{"id":192,"href":"https:\/\/www.gyata.com\/blog\/wp-json\/wp\/v2\/pages\/8\/revisions\/192"}],"wp:attachment":[{"href":"https:\/\/www.gyata.com\/blog\/wp-json\/wp\/v2\/media?parent=8"}],"curies":[{"name":"wp","href":"https:\/\/api.w.org\/{rel}","templated":true}]}}